{"id":12591,"date":"2019-04-03T17:41:25","date_gmt":"2019-04-03T15:41:25","guid":{"rendered":"https:\/\/www.kiwiparlapiano.it\/?page_id=12591"},"modified":"2019-05-10T10:44:14","modified_gmt":"2019-05-10T08:44:14","slug":"das-gebiet","status":"publish","type":"page","link":"https:\/\/www.kiwiparlapiano.it\/de\/das-gebiet\/","title":{"rendered":"Das\u00a0Gebiet"},"content":{"rendered":"\t\t<div data-elementor-type=\"post\" data-elementor-id=\"12591\" class=\"elementor elementor-12591\" data-elementor-settings=\"[]\">\n\t\t\t<div class=\"elementor-inner\">\n\t\t\t\t<div class=\"elementor-section-wrap\">\n\t\t\t\t\t\t\t<section class=\"elementor-element elementor-element-0992b86 elementor-section-boxed elementor-section-height-default elementor-section-height-default elementor-invisible elementor-section elementor-top-section\" data-id=\"0992b86\" data-element_type=\"section\" data-settings=\"{&quot;animation&quot;:&quot;fadeIn&quot;}\">\n\t\t\t\t\t\t<div class=\"elementor-container elementor-column-gap-no\">\n\t\t\t\t<div class=\"elementor-row\">\n\t\t\t\t<div class=\"elementor-element elementor-element-656c4cd elementor-column elementor-col-100 elementor-top-column\" data-id=\"656c4cd\" data-element_type=\"column\">\n\t\t\t<div class=\"elementor-column-wrap  elementor-element-populated\">\n\t\t\t\t\t<div class=\"elementor-widget-wrap\">\n\t\t\t\t<div class=\"elementor-element elementor-element-f534c19 elementor-widget elementor-widget-divider\" data-id=\"f534c19\" data-element_type=\"widget\" data-widget_type=\"divider.default\">\n\t\t\t\t<div class=\"elementor-widget-container\">\n\t\t\t\t\t<div class=\"elementor-divider\">\n\t\t\t<span class=\"elementor-divider-separator\"><\/span>\n\t\t<\/div>\n\t\t\t\t<\/div>\n\t\t\t\t<\/div>\n\t\t\t\t<div class=\"elementor-element elementor-element-1d09fee ee-breadcrumbs-align-left elementor-widget elementor-widget-ee-breadcrumbs\" data-id=\"1d09fee\" data-element_type=\"widget\" data-widget_type=\"ee-breadcrumbs.default\">\n\t\t\t\t<div class=\"elementor-widget-container\">\n\t\t\t\t\t\n\t\t\t<ul class=\"ee-breadcrumbs\" itemscope=\"\" itemtype=\"http:\/\/schema.org\/BreadcrumbList\">\n\n\t\t\t<li class=\"ee-breadcrumbs__item ee-breadcrumbs__item--home\" itemprop=\"itemListElement\" position=\"0\" itemscope=\"\" itemtype=\"http:\/\/schema.org\/ListItem\">\n\t\t\t<a class=\"ee-breadcrumbs__crumb ee-breadcrumbs__crumb--link ee-breadcrumbs__crumb--home\" itemprop=\"item\" rel=\"v:url\" property=\"v:title\" href=\"https:\/\/www.kiwiparlapiano.it\/de\/\" title=\"Demetrio Parlapiano\">\n\t\t\t\t<span itemprop=\"name\">\n\t\t\t\t\tDemetrio Parlapiano\t\t\t\t<\/span>\n\t\t\t<\/a>\n\t\t<\/li><li class=\"ee-breadcrumbs__separator\"><i class=\"fa fa-angle-right\"><\/i><\/li><\/ul>\t\t<\/div>\n\t\t\t\t<\/div>\n\t\t\t\t\t\t<\/div>\n\t\t\t<\/div>\n\t\t<\/div>\n\t\t\t\t\t\t<\/div>\n\t\t\t<\/div>\n\t\t<\/section>\n\t\t\t\t<section class=\"elementor-element elementor-element-36f7213 elementor-section-boxed elementor-section-height-default elementor-section-height-default elementor-section elementor-top-section\" data-id=\"36f7213\" data-element_type=\"section\">\n\t\t\t\t\t\t<div class=\"elementor-container elementor-column-gap-no\">\n\t\t\t\t<div class=\"elementor-row\">\n\t\t\t\t<div class=\"elementor-element elementor-element-8aec349 elementor-column elementor-col-100 elementor-top-column\" data-id=\"8aec349\" data-element_type=\"column\">\n\t\t\t<div class=\"elementor-column-wrap  elementor-element-populated\">\n\t\t\t\t\t<div class=\"elementor-widget-wrap\">\n\t\t\t\t<section class=\"elementor-element elementor-element-575e71d elementor-section-height-min-height elementor-section-boxed elementor-section-height-default elementor-section elementor-inner-section\" data-id=\"575e71d\" data-element_type=\"section\" data-settings=\"{&quot;background_background&quot;:&quot;classic&quot;,&quot;background_image&quot;:{&quot;url&quot;:&quot;https:\\\/\\\/www.kiwiparlapiano.it\\\/wp-content\\\/uploads\\\/2019\\\/01\\\/kiwi-parlapiano-area.jpg&quot;,&quot;id&quot;:11564}}\">\n\t\t\t\t\t\t<div class=\"elementor-container elementor-column-gap-no\">\n\t\t\t\t<div class=\"elementor-row\">\n\t\t\t\t<div class=\"elementor-element elementor-element-13bd559 elementor-column elementor-col-100 elementor-inner-column\" data-id=\"13bd559\" data-element_type=\"column\">\n\t\t\t<div class=\"elementor-column-wrap\">\n\t\t\t\t\t<div class=\"elementor-widget-wrap\">\n\t\t\t\t\t\t<\/div>\n\t\t\t<\/div>\n\t\t<\/div>\n\t\t\t\t\t\t<\/div>\n\t\t\t<\/div>\n\t\t<\/section>\n\t\t\t\t\t\t<\/div>\n\t\t\t<\/div>\n\t\t<\/div>\n\t\t\t\t\t\t<\/div>\n\t\t\t<\/div>\n\t\t<\/section>\n\t\t\t\t<section class=\"elementor-element elementor-element-20c4d59 elementor-section-boxed elementor-section-height-default elementor-section-height-default elementor-invisible elementor-section elementor-top-section\" data-id=\"20c4d59\" data-element_type=\"section\" data-settings=\"{&quot;animation&quot;:&quot;fadeIn&quot;}\">\n\t\t\t\t\t\t<div class=\"elementor-container elementor-column-gap-no\">\n\t\t\t\t<div class=\"elementor-row\">\n\t\t\t\t<div class=\"elementor-element elementor-element-1d077d2 elementor-column elementor-col-100 elementor-top-column\" data-id=\"1d077d2\" data-element_type=\"column\">\n\t\t\t<div class=\"elementor-column-wrap  elementor-element-populated\">\n\t\t\t\t\t<div class=\"elementor-widget-wrap\">\n\t\t\t\t<section class=\"elementor-element elementor-element-dc59cdc elementor-section-boxed elementor-section-height-default elementor-section-height-default elementor-section elementor-inner-section\" data-id=\"dc59cdc\" data-element_type=\"section\">\n\t\t\t\t\t\t<div class=\"elementor-container elementor-column-gap-default\">\n\t\t\t\t<div class=\"elementor-row\">\n\t\t\t\t<div class=\"elementor-element elementor-element-83339a8 elementor-column elementor-col-100 elementor-inner-column\" data-id=\"83339a8\" data-element_type=\"column\">\n\t\t\t<div class=\"elementor-column-wrap  elementor-element-populated\">\n\t\t\t\t\t<div class=\"elementor-widget-wrap\">\n\t\t\t\t<div class=\"elementor-element elementor-element-4bb51fd animated-slow elementor-invisible elementor-widget elementor-widget-text-editor\" data-id=\"4bb51fd\" data-element_type=\"widget\" data-settings=\"{&quot;_animation&quot;:&quot;fadeIn&quot;}\" data-widget_type=\"text-editor.default\">\n\t\t\t\t<div class=\"elementor-widget-container\">\n\t\t\t\t\t<div class=\"elementor-text-editor elementor-clearfix\"><h1 style=\"font-size: 36px;\">das <strong>Gebiet<\/strong><\/h1><\/div>\n\t\t\t\t<\/div>\n\t\t\t\t<\/div>\n\t\t\t\t<div class=\"elementor-element elementor-element-6f6cc92 animated-slow elementor-invisible elementor-widget elementor-widget-text-editor\" data-id=\"6f6cc92\" data-element_type=\"widget\" data-settings=\"{&quot;_animation&quot;:&quot;fadeIn&quot;}\" data-widget_type=\"text-editor.default\">\n\t\t\t\t<div class=\"elementor-widget-container\">\n\t\t\t\t\t<div class=\"elementor-text-editor elementor-clearfix\"><p>Die\u00a0<strong>bodenklimatischen Bedingungen<\/strong>\u00a0der Pontina-Ebene,\u00a0<strong>die in Italien einzigartig sind<\/strong>, sind ideal f\u00fcr den Anbau von Kiwis und f\u00fcr den Erhalt einer schmackhaften Frucht.<\/p><p>Unsere B\u00f6den sind von mittlerer Konsistenz und tendieren zu lehmhaltigen B\u00f6den mit ausgewogenen Komponenten zwischen Schlamm, Ton und Sand. Frisch, tief und gut durchl\u00e4ssig: Unsere <strong>B\u00f6den sind reich an organischen und mineralischen Substanzen<\/strong> wie Kalium, Eisen und Magnesium, die ideal f\u00fcr diese Frucht sind.<\/p><p>Die Besonderheit unserer Kiwis beruht auf der Kombination zweier Faktoren: dem gem\u00e4\u00dfigten und feuchten Klima ohne Frost und den besonderen Eigenschaften des Bodens, reich an Mineralien vulkanischen und alluvialen Ursprungs und Humus.<\/p><p>In Italien geh\u00f6rte unser Gebiet Ende der 70er Jahre zu den ersten Gebieten, die als besonders geeignet f\u00fcr den Anbau von Kiwis erw\u00e4hnt wurden.<\/p><\/div>\n\t\t\t\t<\/div>\n\t\t\t\t<\/div>\n\t\t\t\t\t\t<\/div>\n\t\t\t<\/div>\n\t\t<\/div>\n\t\t\t\t\t\t<\/div>\n\t\t\t<\/div>\n\t\t<\/section>\n\t\t\t\t\t\t<\/div>\n\t\t\t<\/div>\n\t\t<\/div>\n\t\t\t\t\t\t<\/div>\n\t\t\t<\/div>\n\t\t<\/section>\n\t\t\t\t\t\t<\/div>\n\t\t\t<\/div>\n\t\t<\/div>\n\t\t","protected":false},"excerpt":{"rendered":"<p>Demetrio Parlapiano das Gebiet Die&nbsp;bodenklimatischen Bedingungen&nbsp;der Pontina-Ebene,&nbsp;die in Italien einzigartig sind, sind ideal f\u00fcr den Anbau von Kiwis und f\u00fcr den Erhalt einer schmackhaften Frucht. Unsere B\u00f6den sind von mittlerer Konsistenz und tendieren zu lehmhaltigen B\u00f6den mit ausgewogenen Komponenten zwischen Schlamm, Ton und Sand. Frisch, tief und gut durchl\u00e4ssig: Unsere B\u00f6den sind reich an organischen und mineralischen Substanzen wie Kalium, Eisen und Magnesium, die ideal f\u00fcr diese Frucht sind. Die Besonderheit unserer Kiwis beruht auf der Kombination zweier Faktoren: dem gem\u00e4\u00dfigten und feuchten Klima ohne Frost und den besonderen Eigenschaften des Bodens, reich an Mineralien vulkanischen und alluvialen Ursprungs und Humus. In Italien geh\u00f6rte unser Gebiet Ende der 70er Jahre zu den ersten Gebieten, die als besonders geeignet f\u00fcr den Anbau von Kiwis erw\u00e4hnt wurden.<\/p>\n","protected":false},"author":1,"featured_media":0,"parent":0,"menu_order":0,"comment_status":"closed","ping_status":"closed","template":"","meta":{"footnotes":""},"class_list":["post-12591","page","type-page","status-publish","hentry"],"_links":{"self":[{"href":"https:\/\/www.kiwiparlapiano.it\/de\/wp-json\/wp\/v2\/pages\/12591\/"}],"collection":[{"href":"https:\/\/www.kiwiparlapiano.it\/de\/wp-json\/wp\/v2\/pages\/"}],"about":[{"href":"https:\/\/www.kiwiparlapiano.it\/de\/wp-json\/wp\/v2\/types\/page\/"}],"author":[{"embeddable":true,"href":"https:\/\/www.kiwiparlapiano.it\/de\/wp-json\/wp\/v2\/users\/1\/"}],"replies":[{"embeddable":true,"href":"https:\/\/www.kiwiparlapiano.it\/de\/wp-json\/wp\/v2\/comments\/?post=12591"}],"version-history":[{"count":0,"href":"https:\/\/www.kiwiparlapiano.it\/de\/wp-json\/wp\/v2\/pages\/12591\/revisions\/"}],"wp:attachment":[{"href":"https:\/\/www.kiwiparlapiano.it\/de\/wp-json\/wp\/v2\/media\/?parent=12591"}],"curies":[{"name":"wp","href":"https:\/\/api.w.org\/{rel}","templated":true}]}}