{"id":12584,"date":"2019-04-03T17:18:28","date_gmt":"2019-04-03T15:18:28","guid":{"rendered":"https:\/\/www.kiwiparlapiano.it\/?page_id=12584"},"modified":"2019-05-10T10:45:28","modified_gmt":"2019-05-10T08:45:28","slug":"die-verpackung","status":"publish","type":"page","link":"https:\/\/www.kiwiparlapiano.it\/de\/die-verpackung\/","title":{"rendered":"die Verpackung"},"content":{"rendered":"\t\t<div data-elementor-type=\"post\" data-elementor-id=\"12584\" class=\"elementor elementor-12584\" data-elementor-settings=\"[]\">\n\t\t\t<div class=\"elementor-inner\">\n\t\t\t\t<div class=\"elementor-section-wrap\">\n\t\t\t\t\t\t\t<section class=\"elementor-element elementor-element-5cf6e86b elementor-section-boxed elementor-section-height-default elementor-section-height-default elementor-invisible elementor-section elementor-top-section\" data-id=\"5cf6e86b\" data-element_type=\"section\" data-settings=\"{&quot;animation&quot;:&quot;fadeIn&quot;}\">\n\t\t\t\t\t\t<div class=\"elementor-container elementor-column-gap-no\">\n\t\t\t\t<div class=\"elementor-row\">\n\t\t\t\t<div class=\"elementor-element elementor-element-4a440f69 elementor-column elementor-col-100 elementor-top-column\" data-id=\"4a440f69\" data-element_type=\"column\">\n\t\t\t<div class=\"elementor-column-wrap  elementor-element-populated\">\n\t\t\t\t\t<div class=\"elementor-widget-wrap\">\n\t\t\t\t<div class=\"elementor-element elementor-element-60675eca ee-breadcrumbs-align-left elementor-widget elementor-widget-ee-breadcrumbs\" data-id=\"60675eca\" data-element_type=\"widget\" data-widget_type=\"ee-breadcrumbs.default\">\n\t\t\t\t<div class=\"elementor-widget-container\">\n\t\t\t\t\t\n\t\t\t<ul class=\"ee-breadcrumbs\" itemscope=\"\" itemtype=\"http:\/\/schema.org\/BreadcrumbList\">\n\n\t\t\t<li class=\"ee-breadcrumbs__item ee-breadcrumbs__item--home\" itemprop=\"itemListElement\" position=\"0\" itemscope=\"\" itemtype=\"http:\/\/schema.org\/ListItem\">\n\t\t\t<a class=\"ee-breadcrumbs__crumb ee-breadcrumbs__crumb--link ee-breadcrumbs__crumb--home\" itemprop=\"item\" rel=\"v:url\" property=\"v:title\" href=\"https:\/\/www.kiwiparlapiano.it\/de\/\" title=\"Demetrio Parlapiano\">\n\t\t\t\t<span itemprop=\"name\">\n\t\t\t\t\tDemetrio Parlapiano\t\t\t\t<\/span>\n\t\t\t<\/a>\n\t\t<\/li><li class=\"ee-breadcrumbs__separator\"><i class=\"fa fa-angle-right\"><\/i><\/li><\/ul>\t\t<\/div>\n\t\t\t\t<\/div>\n\t\t\t\t<div class=\"elementor-element elementor-element-6f0c3ab2 elementor-widget elementor-widget-divider\" data-id=\"6f0c3ab2\" data-element_type=\"widget\" data-widget_type=\"divider.default\">\n\t\t\t\t<div class=\"elementor-widget-container\">\n\t\t\t\t\t<div class=\"elementor-divider\">\n\t\t\t<span class=\"elementor-divider-separator\"><\/span>\n\t\t<\/div>\n\t\t\t\t<\/div>\n\t\t\t\t<\/div>\n\t\t\t\t\t\t<\/div>\n\t\t\t<\/div>\n\t\t<\/div>\n\t\t\t\t\t\t<\/div>\n\t\t\t<\/div>\n\t\t<\/section>\n\t\t\t\t<section class=\"elementor-element elementor-element-3c31a97e elementor-section-boxed elementor-section-height-default elementor-section-height-default elementor-section elementor-top-section\" data-id=\"3c31a97e\" data-element_type=\"section\">\n\t\t\t\t\t\t<div class=\"elementor-container elementor-column-gap-no\">\n\t\t\t\t<div class=\"elementor-row\">\n\t\t\t\t<div class=\"elementor-element elementor-element-3fb28a92 elementor-column elementor-col-100 elementor-top-column\" data-id=\"3fb28a92\" data-element_type=\"column\">\n\t\t\t<div class=\"elementor-column-wrap  elementor-element-populated\">\n\t\t\t\t\t<div class=\"elementor-widget-wrap\">\n\t\t\t\t<div class=\"elementor-element elementor-element-738f87be animated-slow elementor-invisible elementor-widget elementor-widget-image\" data-id=\"738f87be\" data-element_type=\"widget\" data-settings=\"{&quot;_animation&quot;:&quot;fadeIn&quot;}\" data-widget_type=\"image.default\">\n\t\t\t\t<div class=\"elementor-widget-container\">\n\t\t\t\t\t<div class=\"elementor-image\">\n\t\t\t\t\t\t\t\t\t\t<img loading=\"lazy\" decoding=\"async\" width=\"1450\" height=\"514\" src=\"https:\/\/www.kiwiparlapiano.it\/wp-content\/uploads\/2019\/01\/kiwi-parlapiano-biodinamico-packaging.jpg\" class=\"attachment-full size-full\" alt=\"kiwi-parlapiano-biodinamico-packaging\" srcset=\"https:\/\/www.kiwiparlapiano.it\/wp-content\/uploads\/2019\/01\/kiwi-parlapiano-biodinamico-packaging.jpg 1450w, https:\/\/www.kiwiparlapiano.it\/wp-content\/uploads\/2019\/01\/kiwi-parlapiano-biodinamico-packaging-300x106.jpg 300w, https:\/\/www.kiwiparlapiano.it\/wp-content\/uploads\/2019\/01\/kiwi-parlapiano-biodinamico-packaging-768x272.jpg 768w, https:\/\/www.kiwiparlapiano.it\/wp-content\/uploads\/2019\/01\/kiwi-parlapiano-biodinamico-packaging-1024x363.jpg 1024w\" sizes=\"auto, (max-width: 1450px) 100vw, 1450px\" \/>\t\t\t\t\t\t\t\t\t\t\t<\/div>\n\t\t\t\t<\/div>\n\t\t\t\t<\/div>\n\t\t\t\t\t\t<\/div>\n\t\t\t<\/div>\n\t\t<\/div>\n\t\t\t\t\t\t<\/div>\n\t\t\t<\/div>\n\t\t<\/section>\n\t\t\t\t<section class=\"elementor-element elementor-element-20bfe286 elementor-section-boxed elementor-section-height-default elementor-section-height-default elementor-invisible elementor-section elementor-top-section\" data-id=\"20bfe286\" data-element_type=\"section\" data-settings=\"{&quot;animation&quot;:&quot;fadeIn&quot;}\">\n\t\t\t\t\t\t<div class=\"elementor-container elementor-column-gap-no\">\n\t\t\t\t<div class=\"elementor-row\">\n\t\t\t\t<div class=\"elementor-element elementor-element-b3b7986 elementor-column elementor-col-100 elementor-top-column\" data-id=\"b3b7986\" data-element_type=\"column\">\n\t\t\t<div class=\"elementor-column-wrap  elementor-element-populated\">\n\t\t\t\t\t<div class=\"elementor-widget-wrap\">\n\t\t\t\t<section class=\"elementor-element elementor-element-1b8124c7 elementor-section-boxed elementor-section-height-default elementor-section-height-default elementor-section elementor-inner-section\" data-id=\"1b8124c7\" data-element_type=\"section\">\n\t\t\t\t\t\t<div class=\"elementor-container elementor-column-gap-default\">\n\t\t\t\t<div class=\"elementor-row\">\n\t\t\t\t<div class=\"elementor-element elementor-element-1e6b0ebf elementor-column elementor-col-100 elementor-inner-column\" data-id=\"1e6b0ebf\" data-element_type=\"column\">\n\t\t\t<div class=\"elementor-column-wrap  elementor-element-populated\">\n\t\t\t\t\t<div class=\"elementor-widget-wrap\">\n\t\t\t\t<div class=\"elementor-element elementor-element-4cc1062 elementor-widget elementor-widget-text-editor\" data-id=\"4cc1062\" data-element_type=\"widget\" data-widget_type=\"text-editor.default\">\n\t\t\t\t<div class=\"elementor-widget-container\">\n\t\t\t\t\t<div class=\"elementor-text-editor elementor-clearfix\"><h1 style=\"font-size: 36px;\">Die Verpackung <strong>zeichnet uns aus<\/strong><\/h1><\/div>\n\t\t\t\t<\/div>\n\t\t\t\t<\/div>\n\t\t\t\t<div class=\"elementor-element elementor-element-1d526956 elementor-widget elementor-widget-text-editor\" data-id=\"1d526956\" data-element_type=\"widget\" data-widget_type=\"text-editor.default\">\n\t\t\t\t<div class=\"elementor-widget-container\">\n\t\t\t\t\t<div class=\"elementor-text-editor elementor-clearfix\"><p>Oftmals wird die Verpackung zu einem Werkzeug f\u00fcr Kommunikation, Sichtbarkeit und sogar <strong>Unternehmensauftritt<\/strong>. Wir k\u00f6nnen Aspekte der visuellen Attraktivit\u00e4t mit Farben, Bildern und Texten vermitteln, die wir verwenden.<\/p><p>Die Verpackung ist auch ein <strong>emotionaler Faktor,<\/strong> als ob man den Geschmack des Produkts f\u00fchlen m\u00f6chte, das man kauft.<\/p><p>Die Verpackung ist daher f\u00fcr die Kaufentscheidung von grundlegender Bedeutung, aber sie ist auch ein wertvoller Beitrag f\u00fcr den Verbraucher, der ihm <strong>mit ernsthaften Informationen \u00fcber Herkunft, Verwendung und Qualit\u00e4tszertifizierung hilft.<\/strong><\/p><p>Die Verpackungen von Demetrio Parlapiano sind stapelbar und palettierbar, insbesondere f\u00fcr Umschlag- und Lagerprozesse<\/p><\/div>\n\t\t\t\t<\/div>\n\t\t\t\t<\/div>\n\t\t\t\t<div class=\"elementor-element elementor-element-9e13d25 elementor-widget elementor-widget-text-editor\" data-id=\"9e13d25\" data-element_type=\"widget\" data-widget_type=\"text-editor.default\">\n\t\t\t\t<div class=\"elementor-widget-container\">\n\t\t\t\t\t<div class=\"elementor-text-editor elementor-clearfix\"><h1 style=\"font-size: 36px;\">Abmessungen <strong>Europalette<\/strong><\/h1><\/div>\n\t\t\t\t<\/div>\n\t\t\t\t<\/div>\n\t\t\t\t<div class=\"elementor-element elementor-element-70801ae elementor-widget elementor-widget-text-editor\" data-id=\"70801ae\" data-element_type=\"widget\" data-widget_type=\"text-editor.default\">\n\t\t\t\t<div class=\"elementor-widget-container\">\n\t\t\t\t\t<div class=\"elementor-text-editor elementor-clearfix\"><p>Sie ist <strong>sehr widerstandsf\u00e4hig<\/strong> und garantiert eine <strong>optimale Konservierung<\/strong> des Produkts und ist auch f\u00fcr die K\u00e4ltetechnik geeignet.<\/p><p>Die Verpackung wird mit attraktiven Farben und Bildern f\u00fcr die Verbraucheraufmerksamkeit an der Verkaufsstelle bedruckt.<\/p><p>Der Karton f\u00fcr die Verpackung hat eine <strong>Standardgr\u00f6\u00dfe, zu 100 % recycelbar <\/strong>und wird aus erneuerbaren Quellen hergestellt.\u00a0<\/p><p>Die gesamte Produktion der biologischen und biodynamischen Kiwi wird unter Ber\u00fccksichtigung der \u00f6kologischen Nachhaltigkeit verpackt.<\/p><\/div>\n\t\t\t\t<\/div>\n\t\t\t\t<\/div>\n\t\t\t\t\t\t<\/div>\n\t\t\t<\/div>\n\t\t<\/div>\n\t\t\t\t\t\t<\/div>\n\t\t\t<\/div>\n\t\t<\/section>\n\t\t\t\t\t\t<\/div>\n\t\t\t<\/div>\n\t\t<\/div>\n\t\t\t\t\t\t<\/div>\n\t\t\t<\/div>\n\t\t<\/section>\n\t\t\t\t<section class=\"elementor-element elementor-element-7545248 elementor-section-boxed elementor-section-height-default elementor-section-height-default elementor-invisible elementor-section elementor-top-section\" data-id=\"7545248\" data-element_type=\"section\" data-settings=\"{&quot;animation&quot;:&quot;fadeIn&quot;}\">\n\t\t\t\t\t\t<div class=\"elementor-container elementor-column-gap-no\">\n\t\t\t\t<div class=\"elementor-row\">\n\t\t\t\t<div class=\"elementor-element elementor-element-e50234a elementor-column elementor-col-100 elementor-top-column\" data-id=\"e50234a\" data-element_type=\"column\">\n\t\t\t<div class=\"elementor-column-wrap  elementor-element-populated\">\n\t\t\t\t\t<div class=\"elementor-widget-wrap\">\n\t\t\t\t<section class=\"elementor-element elementor-element-ebaabcf elementor-section-boxed elementor-section-height-default elementor-section-height-default elementor-section elementor-inner-section\" data-id=\"ebaabcf\" data-element_type=\"section\">\n\t\t\t\t\t\t<div class=\"elementor-container elementor-column-gap-default\">\n\t\t\t\t<div class=\"elementor-row\">\n\t\t\t\t<div class=\"elementor-element elementor-element-39f43a6 elementor-column elementor-col-100 elementor-inner-column\" data-id=\"39f43a6\" data-element_type=\"column\">\n\t\t\t<div class=\"elementor-column-wrap  elementor-element-populated\">\n\t\t\t\t\t<div class=\"elementor-widget-wrap\">\n\t\t\t\t<div class=\"elementor-element elementor-element-37fb57c elementor-widget elementor-widget-image\" data-id=\"37fb57c\" data-element_type=\"widget\" data-widget_type=\"image.default\">\n\t\t\t\t<div class=\"elementor-widget-container\">\n\t\t\t\t\t<div class=\"elementor-image\">\n\t\t\t\t\t\t\t\t\t\t<img decoding=\"async\" src=\"https:\/\/www.kiwiparlapiano.it\/wp-content\/uploads\/elementor\/thumbs\/kiwi-parlapiano-packaging-2kg-pwzxrfnzml7is5txrct6xjzctzbhrnc2qz4l1n13vi.png\" title=\"kiwi-biodinamico-parlapiano-packaging-plaform-cartone-imballaggio\" alt=\"kiwi-biodinamico-parlapiano-packaging-plaform-cartone-imballaggio\" \/>\t\t\t\t\t\t\t\t\t\t\t<\/div>\n\t\t\t\t<\/div>\n\t\t\t\t<\/div>\n\t\t\t\t\t\t<\/div>\n\t\t\t<\/div>\n\t\t<\/div>\n\t\t\t\t\t\t<\/div>\n\t\t\t<\/div>\n\t\t<\/section>\n\t\t\t\t<section class=\"elementor-element elementor-element-a21b62a elementor-section-boxed elementor-section-height-default elementor-section-height-default elementor-section elementor-inner-section\" data-id=\"a21b62a\" data-element_type=\"section\">\n\t\t\t\t\t\t<div class=\"elementor-container elementor-column-gap-default\">\n\t\t\t\t<div class=\"elementor-row\">\n\t\t\t\t<div class=\"elementor-element elementor-element-e59b90e elementor-column elementor-col-100 elementor-inner-column\" data-id=\"e59b90e\" data-element_type=\"column\">\n\t\t\t<div class=\"elementor-column-wrap  elementor-element-populated\">\n\t\t\t\t\t<div class=\"elementor-widget-wrap\">\n\t\t\t\t<div class=\"elementor-element elementor-element-44f3960 elementor-widget elementor-widget-image\" data-id=\"44f3960\" data-element_type=\"widget\" data-widget_type=\"image.default\">\n\t\t\t\t<div class=\"elementor-widget-container\">\n\t\t\t\t\t<div class=\"elementor-image\">\n\t\t\t\t\t\t\t\t\t\t<img loading=\"lazy\" decoding=\"async\" width=\"650\" height=\"485\" src=\"https:\/\/www.kiwiparlapiano.it\/wp-content\/uploads\/2019\/01\/kiwi-parlapiano-packaging-10kg.png\" class=\"attachment-full size-full\" alt=\"kiwi-biodinamico-parlapiano-packaging-plaform-cartone-imballaggio\" srcset=\"https:\/\/www.kiwiparlapiano.it\/wp-content\/uploads\/2019\/01\/kiwi-parlapiano-packaging-10kg.png 650w, https:\/\/www.kiwiparlapiano.it\/wp-content\/uploads\/2019\/01\/kiwi-parlapiano-packaging-10kg-300x224.png 300w\" sizes=\"auto, (max-width: 650px) 100vw, 650px\" \/>\t\t\t\t\t\t\t\t\t\t\t<\/div>\n\t\t\t\t<\/div>\n\t\t\t\t<\/div>\n\t\t\t\t\t\t<\/div>\n\t\t\t<\/div>\n\t\t<\/div>\n\t\t\t\t\t\t<\/div>\n\t\t\t<\/div>\n\t\t<\/section>\n\t\t\t\t\t\t<\/div>\n\t\t\t<\/div>\n\t\t<\/div>\n\t\t\t\t\t\t<\/div>\n\t\t\t<\/div>\n\t\t<\/section>\n\t\t\t\t\t\t<\/div>\n\t\t\t<\/div>\n\t\t<\/div>\n\t\t","protected":false},"excerpt":{"rendered":"<p>Demetrio Parlapiano Die Verpackung zeichnet uns aus Oftmals wird die Verpackung zu einem Werkzeug f\u00fcr Kommunikation, Sichtbarkeit und sogar Unternehmensauftritt. Wir k\u00f6nnen Aspekte der visuellen Attraktivit\u00e4t mit Farben, Bildern und Texten vermitteln, die wir verwenden. Die Verpackung ist auch ein emotionaler Faktor, als ob man den Geschmack des Produkts f\u00fchlen m\u00f6chte, das man kauft. Die Verpackung ist daher f\u00fcr die Kaufentscheidung von grundlegender Bedeutung, aber sie ist auch ein wertvoller Beitrag f\u00fcr den Verbraucher, der ihm mit ernsthaften Informationen \u00fcber Herkunft, Verwendung und Qualit\u00e4tszertifizierung hilft. Die Verpackungen von Demetrio Parlapiano sind stapelbar und palettierbar, insbesondere f\u00fcr Umschlag- und Lagerprozesse Abmessungen Europalette Sie ist sehr widerstandsf\u00e4hig und garantiert eine optimale Konservierung des Produkts und ist auch f\u00fcr die K\u00e4ltetechnik geeignet. Die Verpackung wird mit attraktiven Farben und Bildern f\u00fcr die Verbraucheraufmerksamkeit an der Verkaufsstelle bedruckt. Der Karton f\u00fcr die Verpackung hat eine Standardgr\u00f6\u00dfe, zu 100 % recycelbar und wird aus erneuerbaren Quellen hergestellt.&nbsp; Die gesamte Produktion der biologischen und biodynamischen Kiwi wird unter Ber\u00fccksichtigung der \u00f6kologischen Nachhaltigkeit verpackt.<\/p>\n","protected":false},"author":1,"featured_media":0,"parent":0,"menu_order":0,"comment_status":"closed","ping_status":"closed","template":"","meta":{"footnotes":""},"class_list":["post-12584","page","type-page","status-publish","hentry"],"_links":{"self":[{"href":"https:\/\/www.kiwiparlapiano.it\/de\/wp-json\/wp\/v2\/pages\/12584\/"}],"collection":[{"href":"https:\/\/www.kiwiparlapiano.it\/de\/wp-json\/wp\/v2\/pages\/"}],"about":[{"href":"https:\/\/www.kiwiparlapiano.it\/de\/wp-json\/wp\/v2\/types\/page\/"}],"author":[{"embeddable":true,"href":"https:\/\/www.kiwiparlapiano.it\/de\/wp-json\/wp\/v2\/users\/1\/"}],"replies":[{"embeddable":true,"href":"https:\/\/www.kiwiparlapiano.it\/de\/wp-json\/wp\/v2\/comments\/?post=12584"}],"version-history":[{"count":0,"href":"https:\/\/www.kiwiparlapiano.it\/de\/wp-json\/wp\/v2\/pages\/12584\/revisions\/"}],"wp:attachment":[{"href":"https:\/\/www.kiwiparlapiano.it\/de\/wp-json\/wp\/v2\/media\/?parent=12584"}],"curies":[{"name":"wp","href":"https:\/\/api.w.org\/{rel}","templated":true}]}}